{"id":692,"date":"2024-05-13T07:23:28","date_gmt":"2024-05-13T07:23:28","guid":{"rendered":"https:\/\/creativthemes.com\/theme-demo\/marsh-travel-pro\/?page_id=33"},"modified":"2024-07-02T07:21:46","modified_gmt":"2024-07-02T07:21:46","slug":"about","status":"publish","type":"page","link":"https:\/\/airadelphi.com\/fr\/about\/","title":{"rendered":"About"},"content":{"rendered":"<div data-elementor-type=\"wp-page\" data-elementor-id=\"692\" class=\"elementor elementor-692\" data-elementor-post-type=\"page\">\n\t\t\t\t<div class=\"elementor-element elementor-element-381ce47 e-flex e-con-boxed e-con e-parent\" data-id=\"381ce47\" data-element_type=\"container\" data-settings=\"{&quot;background_background&quot;:&quot;classic&quot;}\">\n\t\t\t\t\t<div class=\"e-con-inner\">\n\t\t<div class=\"elementor-element elementor-element-47619e7 e-con-full e-flex e-con e-child\" data-id=\"47619e7\" data-element_type=\"container\">\n\t\t<div class=\"elementor-element elementor-element-814a346 e-flex e-con-boxed e-con e-child\" data-id=\"814a346\" data-element_type=\"container\">\n\t\t\t\t\t<div class=\"e-con-inner\">\n\t\t\t\t<div class=\"elementor-element elementor-element-38bc42e elementor-widget elementor-widget-text-editor\" data-id=\"38bc42e\" data-element_type=\"widget\" data-widget_type=\"text-editor.default\">\n\t\t\t\t<div class=\"elementor-widget-container\">\n\t\t\t<style>\/*! elementor - v3.21.0 - 26-05-2024 *\/\n.elementor-widget-text-editor.elementor-drop-cap-view-stacked .elementor-drop-cap{background-color:#69727d;color:#fff}.elementor-widget-text-editor.elementor-drop-cap-view-framed .elementor-drop-cap{color:#69727d;border:3px solid;background-color:transparent}.elementor-widget-text-editor:not(.elementor-drop-cap-view-default) .elementor-drop-cap{margin-top:8px}.elementor-widget-text-editor:not(.elementor-drop-cap-view-default) .elementor-drop-cap-letter{width:1em;height:1em}.elementor-widget-text-editor .elementor-drop-cap{float:left;text-align:center;line-height:1;font-size:50px}.elementor-widget-text-editor .elementor-drop-cap-letter{display:inline-block}<\/style>\t\t\t\t<p><strong>2018 &#8211; <\/strong>Air Adelphi Engineering est devenue la branche maintenance de l'entreprise op\u00e9rant depuis son propre hangar \u00e0 Argyle<\/p><p><strong>2022 &#8211; <\/strong>Air Adelphi Ltd d\u00e9tenait une licence compl\u00e8te de transporteur a\u00e9rien<\/p><p><strong>2024<\/strong> \u2013 Expansion limit\u00e9e vers les \u00eeles r\u00e9gionales<\/p>\t\t\t\t\t\t<\/div>\n\t\t\t\t<\/div>\n\t\t\t\t\t<\/div>\n\t\t\t\t<\/div>\n\t\t<div class=\"elementor-element elementor-element-aa73d41 e-flex e-con-boxed e-con e-child\" data-id=\"aa73d41\" data-element_type=\"container\">\n\t\t\t\t\t<div class=\"e-con-inner\">\n\t\t\t\t<div class=\"elementor-element elementor-element-13c4841 elementor-widget elementor-widget-elementskit-heading\" data-id=\"13c4841\" data-element_type=\"widget\" data-widget_type=\"elementskit-heading.default\">\n\t\t\t\t<div class=\"elementor-widget-container\">\n\t\t\t<div class=\"ekit-wid-con\" ><div class=\"ekit-heading elementskit-section-title-wraper text_left   ekit_heading_tablet-   ekit_heading_mobile-text_center\">\t\t\t\t<div class='ekit-heading__description'>\n\t\t\t\t\t<p>Air Adelphi est n\u00e9e de la demande continue des visiteurs de l'\u00eele de Moustique, ce qui a conduit \u00e0 la cr\u00e9ation de la propre compagnie a\u00e9rienne certifi\u00e9e de l'\u00eele.<\/p>\n\t\t\t\t<\/div>\n\t\t\t<\/div><\/div>\t\t<\/div>\n\t\t\t\t<\/div>\n\t\t\t\t\t<\/div>\n\t\t\t\t<\/div>\n\t\t\t\t<\/div>\n\t\t<div class=\"elementor-element elementor-element-c1a9f15 e-flex e-con-boxed e-con e-child\" data-id=\"c1a9f15\" data-element_type=\"container\">\n\t\t\t\t\t<div class=\"e-con-inner\">\n\t\t\t\t<div class=\"elementor-element elementor-element-027efbf elementor-widget elementor-widget-elementskit-heading\" data-id=\"027efbf\" data-element_type=\"widget\" data-widget_type=\"elementskit-heading.default\">\n\t\t\t\t<div class=\"elementor-widget-container\">\n\t\t\t<div class=\"ekit-wid-con\" ><div class=\"ekit-heading elementskit-section-title-wraper text_right   ekit_heading_tablet-   ekit_heading_mobile-text_center\"><h2 class=\"ekit-heading--title elementskit-section-title\"><span><span>\u00c0 propos<\/span><\/span><\/h2><\/div><\/div>\t\t<\/div>\n\t\t\t\t<\/div>\n\t\t\t\t\t<\/div>\n\t\t\t\t<\/div>\n\t\t\t\t\t<\/div>\n\t\t\t\t<\/div>\n\t\t<div class=\"elementor-element elementor-element-d3a975a e-flex e-con-boxed e-con e-parent\" data-id=\"d3a975a\" data-element_type=\"container\" data-settings=\"{&quot;background_background&quot;:&quot;classic&quot;}\">\n\t\t\t\t\t<div class=\"e-con-inner\">\n\t\t\t\t<div class=\"elementor-element elementor-element-dbdf118 elementor-widget elementor-widget-elementskit-heading\" data-id=\"dbdf118\" data-element_type=\"widget\" data-widget_type=\"elementskit-heading.default\">\n\t\t\t\t<div class=\"elementor-widget-container\">\n\t\t\t<div class=\"ekit-wid-con\" ><div class=\"ekit-heading elementskit-section-title-wraper text_center   ekit_heading_tablet-   ekit_heading_mobile-text_center\"><h4 class=\"ekit-heading--title elementskit-section-title\">Notre D\u00e9veloppement Personnel<\/h4><\/div><\/div>\t\t<\/div>\n\t\t\t\t<\/div>\n\t\t\t\t<div class=\"elementor-element elementor-element-9058833 elementor-widget-mobile__width-initial elementor-widget elementor-widget-text-editor\" data-id=\"9058833\" data-element_type=\"widget\" data-widget_type=\"text-editor.default\">\n\t\t\t\t<div class=\"elementor-widget-container\">\n\t\t\t\t\t\t\t<p>Au cours du d\u00e9veloppement de l'organisation d'ing\u00e9nierie et du transporteur a\u00e9rien, le recrutement de personnel principalement originaire de l'\u00eele m\u00e8re de Saint-Vincent a commenc\u00e9 et Air Adelphi est fier de dire que notre directeur des op\u00e9rations et notre pilote en chef sont tous deux des hommes du sol, tout comme la majorit\u00e9 des tant les pilotes que les ing\u00e9nieurs.<\/p><p>Ce recrutement se poursuit \u00e0 mesure que le transporteur grandit.<\/p>\t\t\t\t\t\t<\/div>\n\t\t\t\t<\/div>\n\t\t\t\t\t<\/div>\n\t\t\t\t<\/div>\n\t\t<div class=\"elementor-element elementor-element-a43cf72 e-flex e-con-boxed e-con e-parent\" data-id=\"a43cf72\" data-element_type=\"container\">\n\t\t\t\t\t<div class=\"e-con-inner\">\n\t\t\t\t<div class=\"elementor-element elementor-element-ba189b9 elementor-widget elementor-widget-elementskit-heading\" data-id=\"ba189b9\" data-element_type=\"widget\" data-widget_type=\"elementskit-heading.default\">\n\t\t\t\t<div class=\"elementor-widget-container\">\n\t\t\t<div class=\"ekit-wid-con\" ><div class=\"ekit-heading elementskit-section-title-wraper text_center   ekit_heading_tablet-   ekit_heading_mobile-text_center\"><h4 class=\"ekit-heading--title elementskit-section-title\">Rencontrez les Membres de Notre \u00e9quipe<\/h4><\/div><\/div>\t\t<\/div>\n\t\t\t\t<\/div>\n\t\t\t\t<div class=\"elementor-element elementor-element-cf80762 elementor-widget__width-initial elementor-widget elementor-widget-text-editor\" data-id=\"cf80762\" data-element_type=\"widget\" data-widget_type=\"text-editor.default\">\n\t\t\t\t<div class=\"elementor-widget-container\">\n\t\t\t\t\t\t\t<p>Des concierges aux \u00e9quipages de conduite seniors, en passant par tout le monde qui fait partie int\u00e9grante de l'\u00e9quipe d'Air Adelphi, vous trouverez ci-dessous un petit \u00e9chantillon de notre famille.<\/p>\t\t\t\t\t\t<\/div>\n\t\t\t\t<\/div>\n\t\t\t\t\t<\/div>\n\t\t\t\t<\/div>\n\t\t<div class=\"elementor-element elementor-element-bcce4ee e-flex e-con-boxed e-con e-parent\" data-id=\"bcce4ee\" data-element_type=\"container\">\n\t\t\t\t\t<div class=\"e-con-inner\">\n\t\t<div class=\"elementor-element elementor-element-346dec1 e-con-full e-flex e-con e-child\" data-id=\"346dec1\" data-element_type=\"container\">\n\t\t\t\t<div class=\"elementor-element elementor-element-e8cee63 key-persons elementor-widget elementor-widget-elementskit-team\" data-id=\"e8cee63\" data-element_type=\"widget\" data-widget_type=\"elementskit-team.default\">\n\t\t\t\t<div class=\"elementor-widget-container\">\n\t\t\t<div class=\"ekit-wid-con\">\t\t\t\t\t\t\t\t\n\t\t<div class=\"profile-card elementor-animation- text-center ekit-team-style-default\">\n\t\t\t\t\t\t\n\t\t\t\t<div class=\"profile-header ekit-team-img ekit-img-overlay ekit-team-img-block\" >\n\t\t\t\t\t<img fetchpriority=\"high\" decoding=\"async\" width=\"640\" height=\"702\" src=\"https:\/\/airadelphi.com\/wp-content\/uploads\/2024\/05\/Gregory-Williams-e1717016055739-933x1024.png\" class=\"attachment-large size-large wp-image-1049\" alt=\"\" srcset=\"https:\/\/airadelphi.com\/wp-content\/uploads\/2024\/05\/Gregory-Williams-e1717016055739-933x1024.png 933w, https:\/\/airadelphi.com\/wp-content\/uploads\/2024\/05\/Gregory-Williams-e1717016055739-273x300.png 273w, https:\/\/airadelphi.com\/wp-content\/uploads\/2024\/05\/Gregory-Williams-e1717016055739-768x843.png 768w, https:\/\/airadelphi.com\/wp-content\/uploads\/2024\/05\/Gregory-Williams-e1717016055739.png 940w\" sizes=\"(max-width: 640px) 100vw, 640px\" \/>\t\t\t\t<\/div><!-- .profile-header END -->\n\t\t\t\t\t\t\n\n\t\t\t\t<div class=\"profile-body\">\n\t\t\t\t\t\n\t\t\t\t\t<h2 class=\"profile-title\">\n\t\t\t\t\t\t\t\t\t\t\tGregory Williams\t\t\t\t\t\t\t\t\t\t<\/h2>\n\t\t\t\t\t<p class=\"profile-designation\">Director of Operations \/ ECCAA Designated Examiner \/ Line Captain<\/p>\n\t\t\t\t\t\t\t\t\t<\/div><!-- .profile-body END -->\n\n\t\t\t\t\t\t\t\t<\/div>\n\t\t\t\t\t\t\t\n\t\t\t\n\t\t\t\t<\/div>\t\t<\/div>\n\t\t\t\t<\/div>\n\t\t\t\t<\/div>\n\t\t<div class=\"elementor-element elementor-element-ad1f204 e-con-full e-flex e-con e-child\" data-id=\"ad1f204\" data-element_type=\"container\">\n\t\t\t\t<div class=\"elementor-element elementor-element-fc8466f key-persons elementor-widget elementor-widget-elementskit-team\" data-id=\"fc8466f\" data-element_type=\"widget\" data-widget_type=\"elementskit-team.default\">\n\t\t\t\t<div class=\"elementor-widget-container\">\n\t\t\t<div class=\"ekit-wid-con\">\t\t\t\t\t\t\t\t\n\t\t<div class=\"profile-card elementor-animation- text-center ekit-team-style-default\">\n\t\t\t\t\t\t\n\t\t\t\t<div class=\"profile-header ekit-team-img ekit-img-overlay ekit-team-img-block\" >\n\t\t\t\t\t<img decoding=\"async\" width=\"640\" height=\"602\" src=\"https:\/\/airadelphi.com\/wp-content\/uploads\/2024\/06\/DSCF9340-scaled-e1717434648921-1024x963.jpg\" class=\"attachment-large size-large wp-image-1151\" alt=\"\" srcset=\"https:\/\/airadelphi.com\/wp-content\/uploads\/2024\/06\/DSCF9340-scaled-e1717434648921-1024x963.jpg 1024w, https:\/\/airadelphi.com\/wp-content\/uploads\/2024\/06\/DSCF9340-scaled-e1717434648921-300x282.jpg 300w, https:\/\/airadelphi.com\/wp-content\/uploads\/2024\/06\/DSCF9340-scaled-e1717434648921-768x722.jpg 768w, https:\/\/airadelphi.com\/wp-content\/uploads\/2024\/06\/DSCF9340-scaled-e1717434648921.jpg 1194w\" sizes=\"(max-width: 640px) 100vw, 640px\" \/>\t\t\t\t<\/div><!-- .profile-header END -->\n\t\t\t\t\t\t\n\n\t\t\t\t<div class=\"profile-body\">\n\t\t\t\t\t\n\t\t\t\t\t<h2 class=\"profile-title\">\n\t\t\t\t\t\t\t\t\t\t\tEverett Best\t\t\t\t\t\t\t\t\t\t<\/h2>\n\t\t\t\t\t<p class=\"profile-designation\">Chief Pilot \/ ECCAA Designated Examiner \/ Ground School Instructor \/ Line Captain<\/p>\n\t\t\t\t\t\t\t\t\t<\/div><!-- .profile-body END -->\n\n\t\t\t\t\t\t\t\t<\/div>\n\t\t\t\t\t\t\t\n\t\t\t\n\t\t\t\t<\/div>\t\t<\/div>\n\t\t\t\t<\/div>\n\t\t\t\t<\/div>\n\t\t<div class=\"elementor-element elementor-element-24b3637 e-con-full e-flex e-con e-child\" data-id=\"24b3637\" data-element_type=\"container\">\n\t\t\t\t<div class=\"elementor-element elementor-element-2f0f011 key-persons elementor-widget elementor-widget-elementskit-team\" data-id=\"2f0f011\" data-element_type=\"widget\" data-widget_type=\"elementskit-team.default\">\n\t\t\t\t<div class=\"elementor-widget-container\">\n\t\t\t<div class=\"ekit-wid-con\">\t\t\t\t\t\t\t\t\n\t\t<div class=\"profile-card elementor-animation- text-center ekit-team-style-default\">\n\t\t\t\t\t\t\n\t\t\t\t<div class=\"profile-header ekit-team-img ekit-img-overlay ekit-team-img-block\" >\n\t\t\t\t\t<img decoding=\"async\" width=\"640\" height=\"736\" src=\"https:\/\/airadelphi.com\/wp-content\/uploads\/2024\/05\/Nigel-Morton-e1717180615720-891x1024.png\" class=\"attachment-large size-large wp-image-1027\" alt=\"\" srcset=\"https:\/\/airadelphi.com\/wp-content\/uploads\/2024\/05\/Nigel-Morton-e1717180615720-891x1024.png 891w, https:\/\/airadelphi.com\/wp-content\/uploads\/2024\/05\/Nigel-Morton-e1717180615720-261x300.png 261w, https:\/\/airadelphi.com\/wp-content\/uploads\/2024\/05\/Nigel-Morton-e1717180615720-768x883.png 768w, https:\/\/airadelphi.com\/wp-content\/uploads\/2024\/05\/Nigel-Morton-e1717180615720.png 939w\" sizes=\"(max-width: 640px) 100vw, 640px\" \/>\t\t\t\t<\/div><!-- .profile-header END -->\n\t\t\t\t\t\t\n\n\t\t\t\t<div class=\"profile-body\">\n\t\t\t\t\t\n\t\t\t\t\t<h2 class=\"profile-title\">\n\t\t\t\t\t\t\t\t\t\t\tNigel Morton\t\t\t\t\t\t\t\t\t\t<\/h2>\n\t\t\t\t\t<p class=\"profile-designation\">Director of Safety \/ ECCAA Designated Instructor \/ Line Captain<\/p>\n\t\t\t\t\t\t\t\t\t<\/div><!-- .profile-body END -->\n\n\t\t\t\t\t\t\t\t<\/div>\n\t\t\t\t\t\t\t\n\t\t\t\n\t\t\t\t<\/div>\t\t<\/div>\n\t\t\t\t<\/div>\n\t\t\t\t<\/div>\n\t\t\t\t\t<\/div>\n\t\t\t\t<\/div>\n\t\t<div class=\"elementor-element elementor-element-6f9d220 e-flex e-con-boxed e-con e-parent\" data-id=\"6f9d220\" data-element_type=\"container\">\n\t\t\t\t\t<div class=\"e-con-inner\">\n\t\t\t\t<div class=\"elementor-element elementor-element-e21d2f8 elementor-widget elementor-widget-image\" data-id=\"e21d2f8\" data-element_type=\"widget\" data-widget_type=\"image.default\">\n\t\t\t\t<div class=\"elementor-widget-container\">\n\t\t\t<style>\/*! elementor - v3.21.0 - 26-05-2024 *\/\n.elementor-widget-image{text-align:center}.elementor-widget-image a{display:inline-block}.elementor-widget-image a img[src$=\".svg\"]{width:48px}.elementor-widget-image img{vertical-align:middle;display:inline-block}<\/style>\t\t\t\t\t\t\t\t\t\t<img loading=\"lazy\" decoding=\"async\" width=\"640\" height=\"259\" src=\"https:\/\/airadelphi.com\/wp-content\/uploads\/2024\/06\/collage2-1024x415.png\" class=\"attachment-large size-large wp-image-1763\" alt=\"\" srcset=\"https:\/\/airadelphi.com\/wp-content\/uploads\/2024\/06\/collage2-1024x415.png 1024w, https:\/\/airadelphi.com\/wp-content\/uploads\/2024\/06\/collage2-300x122.png 300w, https:\/\/airadelphi.com\/wp-content\/uploads\/2024\/06\/collage2-768x311.png 768w, https:\/\/airadelphi.com\/wp-content\/uploads\/2024\/06\/collage2-1536x623.png 1536w, https:\/\/airadelphi.com\/wp-content\/uploads\/2024\/06\/collage2-2048x830.png 2048w\" sizes=\"(max-width: 640px) 100vw, 640px\" \/>\t\t\t\t\t\t\t\t\t\t\t\t\t<\/div>\n\t\t\t\t<\/div>\n\t\t\t\t\t<\/div>\n\t\t\t\t<\/div>\n\t\t<div class=\"elementor-element elementor-element-d4917d2 e-flex e-con-boxed e-con e-parent\" data-id=\"d4917d2\" data-element_type=\"container\">\n\t\t\t\t\t<div class=\"e-con-inner\">\n\t\t\t\t<div class=\"elementor-element elementor-element-b011928 elementor-widget elementor-widget-image\" data-id=\"b011928\" data-element_type=\"widget\" data-widget_type=\"image.default\">\n\t\t\t\t<div class=\"elementor-widget-container\">\n\t\t\t\t\t\t\t\t\t\t\t\t\t<img loading=\"lazy\" decoding=\"async\" width=\"640\" height=\"359\" src=\"https:\/\/airadelphi.com\/wp-content\/uploads\/2024\/06\/AAL-Team-SVD-e1717674352839-1024x574.jpg\" class=\"attachment-large size-large wp-image-1623\" alt=\"\" srcset=\"https:\/\/airadelphi.com\/wp-content\/uploads\/2024\/06\/AAL-Team-SVD-e1717674352839-1024x574.jpg 1024w, https:\/\/airadelphi.com\/wp-content\/uploads\/2024\/06\/AAL-Team-SVD-e1717674352839-300x168.jpg 300w, https:\/\/airadelphi.com\/wp-content\/uploads\/2024\/06\/AAL-Team-SVD-e1717674352839-768x431.jpg 768w, https:\/\/airadelphi.com\/wp-content\/uploads\/2024\/06\/AAL-Team-SVD-e1717674352839.jpg 1280w\" sizes=\"(max-width: 640px) 100vw, 640px\" \/>\t\t\t\t\t\t\t\t\t\t\t\t\t<\/div>\n\t\t\t\t<\/div>\n\t\t\t\t\t<\/div>\n\t\t\t\t<\/div>\n\t\t<div class=\"elementor-element elementor-element-da4e9e5 e-flex e-con-boxed e-con e-parent\" data-id=\"da4e9e5\" data-element_type=\"container\">\n\t\t\t\t\t<div class=\"e-con-inner\">\n\t\t\t\t<div class=\"elementor-element elementor-element-741e4cc elementor-widget__width-auto elementor-widget elementor-widget-text-editor\" data-id=\"741e4cc\" data-element_type=\"widget\" data-widget_type=\"text-editor.default\">\n\t\t\t\t<div class=\"elementor-widget-container\">\n\t\t\t\t\t\t\t<p>Team SVG<\/p>\t\t\t\t\t\t<\/div>\n\t\t\t\t<\/div>\n\t\t\t\t\t<\/div>\n\t\t\t\t<\/div>\n\t\t<div class=\"elementor-element elementor-element-5f02617 e-flex e-con-boxed e-con e-parent\" data-id=\"5f02617\" data-element_type=\"container\" data-settings=\"{&quot;background_background&quot;:&quot;classic&quot;}\">\n\t\t\t\t\t<div class=\"e-con-inner\">\n\t\t<div class=\"elementor-element elementor-element-015e674 e-con-full e-flex e-con e-child\" data-id=\"015e674\" data-element_type=\"container\">\n\t\t\t\t<div class=\"elementor-element elementor-element-0b47efb elementor-widget elementor-widget-elementskit-heading\" data-id=\"0b47efb\" data-element_type=\"widget\" data-widget_type=\"elementskit-heading.default\">\n\t\t\t\t<div class=\"elementor-widget-container\">\n\t\t\t<div class=\"ekit-wid-con\" ><div class=\"ekit-heading elementskit-section-title-wraper text_left   ekit_heading_tablet-   ekit_heading_mobile-text_center\"><h4 class=\"ekit-heading--title elementskit-section-title\">Our Fleet<\/h4><\/div><\/div>\t\t<\/div>\n\t\t\t\t<\/div>\n\t\t\t\t<\/div>\n\t\t<div class=\"elementor-element elementor-element-9e2bedc e-con-full e-flex e-con e-child\" data-id=\"9e2bedc\" data-element_type=\"container\">\n\t\t\t\t<div class=\"elementor-element elementor-element-e0066fc elementor-widget elementor-widget-text-editor\" data-id=\"e0066fc\" data-element_type=\"widget\" data-widget_type=\"text-editor.default\">\n\t\t\t\t<div class=\"elementor-widget-container\">\n\t\t\t\t\t\t\t<p>Les DeHavilland Twin Otters ont \u00e9t\u00e9 choisis en raison de leur capacit\u00e9 unique \u00e0 op\u00e9rer sur de courtes bandes difficiles dans les Grenadines, un travail qu'ils accomplissent bien. En 2022 et jusqu\u2019en 2024 inclus, ils ont tous \u00e9t\u00e9 envoy\u00e9s dans une installation au Canada o\u00f9 ils ont fait l\u2019objet d\u2019une inspection compl\u00e8te pour s\u2019assurer qu\u2019ils sont dans le meilleur \u00e9tat possible \u2013 de nouveaux int\u00e9rieurs et de nouvelles instruments de cockpit.<\/p>\t\t\t\t\t\t<\/div>\n\t\t\t\t<\/div>\n\t\t\t\t<\/div>\n\t\t\t\t\t<\/div>\n\t\t\t\t<\/div>\n\t\t<div class=\"elementor-element elementor-element-74bd2ab e-flex e-con-boxed e-con e-parent\" data-id=\"74bd2ab\" data-element_type=\"container\" data-settings=\"{&quot;background_background&quot;:&quot;classic&quot;}\">\n\t\t\t\t\t<div class=\"e-con-inner\">\n\t\t<div class=\"elementor-element elementor-element-345b089 e-flex e-con-boxed e-con e-child\" data-id=\"345b089\" data-element_type=\"container\">\n\t\t\t\t\t<div class=\"e-con-inner\">\n\t\t\t\t<div class=\"elementor-element elementor-element-6545da4 elementor-widget elementor-widget-image\" data-id=\"6545da4\" data-element_type=\"widget\" data-widget_type=\"image.default\">\n\t\t\t\t<div class=\"elementor-widget-container\">\n\t\t\t\t\t\t\t\t\t\t\t\t\t<img loading=\"lazy\" decoding=\"async\" width=\"400\" height=\"100\" src=\"https:\/\/airadelphi.com\/wp-content\/uploads\/2024\/05\/air-adelphi-logo.png\" class=\"attachment-large size-large wp-image-478\" alt=\"\" srcset=\"https:\/\/airadelphi.com\/wp-content\/uploads\/2024\/05\/air-adelphi-logo.png 400w, https:\/\/airadelphi.com\/wp-content\/uploads\/2024\/05\/air-adelphi-logo-300x75.png 300w\" sizes=\"(max-width: 400px) 100vw, 400px\" \/>\t\t\t\t\t\t\t\t\t\t\t\t\t<\/div>\n\t\t\t\t<\/div>\n\t\t\t\t<div class=\"elementor-element elementor-element-95ddb78 elementor-widget elementor-widget-text-editor\" data-id=\"95ddb78\" data-element_type=\"widget\" data-widget_type=\"text-editor.default\">\n\t\t\t\t<div class=\"elementor-widget-container\">\n\t\t\t\t\t\t\t<p>N\u00e9 de la n\u00e9cessit\u00e9 de liaisons a\u00e9riennes durables entre l'\u00eele de Moustique et les autres \u00eeles de la r\u00e9gion, Air Adelphi est devenu un transporteur a\u00e9rien commercial \u00e0 part enti\u00e8re en 2022, utilisant sa propre flotte de 5 avions Twin Otter, il innove d\u00e9sormais en mati\u00e8re de liaison locale de l'\u00eele de Moustique vers les autres \u00eeles de la r\u00e9gion. \u00eeles au nord de Saint-Vincent.<\/p>\t\t\t\t\t\t<\/div>\n\t\t\t\t<\/div>\n\t\t\t\t\t<\/div>\n\t\t\t\t<\/div>\n\t\t<div class=\"elementor-element elementor-element-c66c1c6 e-flex e-con-boxed e-con e-child\" data-id=\"c66c1c6\" data-element_type=\"container\">\n\t\t\t\t\t<div class=\"e-con-inner\">\n\t\t<div class=\"elementor-element elementor-element-35d206c e-grid e-con-boxed e-con e-child\" data-id=\"35d206c\" data-element_type=\"container\">\n\t\t\t\t\t<div class=\"e-con-inner\">\n\t\t\t\t<div class=\"elementor-element elementor-element-c850f27 elementor-widget elementor-widget-elementskit-heading\" data-id=\"c850f27\" data-element_type=\"widget\" data-widget_type=\"elementskit-heading.default\">\n\t\t\t\t<div class=\"elementor-widget-container\">\n\t\t\t<div class=\"ekit-wid-con\" ><div class=\"ekit-heading elementskit-section-title-wraper text_center   ekit_heading_tablet-   ekit_heading_mobile-text_center\"><h2 class=\"ekit-heading--title elementskit-section-title\">Liens de navigation<\/h2>\t\t\t\t<div class='ekit-heading__description'>\n\t\t\t\t\t<div><style>\n.footer-navbar a{\n\tfont-size: 14px;\n\tdisplay:inline-block !important;\n}\n.footer-navbar a:not(:last-child)::after {\n    content: '|';\n\tmargin-left: 10px;\n\tmargin-right: 10px;\n\tcolor:#fff;\n}\n<\/style>\n<p class=\"footer-navbar\"><a href=\"https:\/\/airadelphi.com\/fr\/\">Home<\/a><a href=\"https:\/\/booking.airadelphi.com\">R\u00e9server un vol<\/a><a href=\"https:\/\/airadelphi.com\/fr\/request-charter\/\">Demander une charte<\/a><a href=\"https:\/\/airadelphi.com\/fr\/where-we-fly\/\">O\u00f9 nous volons<\/a><a href=\"https:\/\/airadelphi.com\/fr\/about\/\">\u00c0 propos<\/a><a href=\"https:\/\/airadelphi.com\/fr\/contact\/\">Contact<\/a><\/p>\n<p>\n<\/div>\n\t\t\t\t<\/div>\n\t\t\t<\/div><\/div>\t\t<\/div>\n\t\t\t\t<\/div>\n\t\t\t\t<div class=\"elementor-element elementor-element-151ed3d elementor-widget elementor-widget-elementskit-heading\" data-id=\"151ed3d\" data-element_type=\"widget\" data-widget_type=\"elementskit-heading.default\">\n\t\t\t\t<div class=\"elementor-widget-container\">\n\t\t\t<div class=\"ekit-wid-con\" ><div class=\"ekit-heading elementskit-section-title-wraper text_center   ekit_heading_tablet-   ekit_heading_mobile-text_center\"><h2 class=\"ekit-heading--title elementskit-section-title\">Liens utiles<\/h2>\t\t\t\t<div class='ekit-heading__description'>\n\t\t\t\t\t<p><style>\n.footer-navbar a{\n\tfont-size: 14px;\n\tdisplay:inline-block !important;\n}\n.footer-navbar a:not(:last-child)::after {\n    content: '|';\n\tmargin-left: 10px;\n\tmargin-right: 10px;\n\tcolor:#fff;\n}\n<\/style>\n<p class=\"footer-navbar\"><a href=\"https:\/\/airadelphi.com\/fr\/general-conditions-of-carriage\/\">Conditions g\u00e9n\u00e9rales de transport<\/a><a href=\"https:\/\/airadelphi.com\/fr\/privacy-policy\/\">Politique de Confidentialit\u00e9<\/a><a href=\"https:\/\/airadelphi.com\/fr\/cancellation-policy\/\"><span>Politique d'annulation<\/span><\/a><a href=\"https:\/\/airadelphi.com\/fr\/terms-conditions\/\">Conditions g\u00e9n\u00e9rales<\/a><\/p>\n<\/p>\n\t\t\t\t<\/div>\n\t\t\t<\/div><\/div>\t\t<\/div>\n\t\t\t\t<\/div>\n\t\t\t\t\t<\/div>\n\t\t\t\t<\/div>\n\t\t\t\t\t<\/div>\n\t\t\t\t<\/div>\n\t\t<div class=\"elementor-element elementor-element-bc499cc e-con-full e-flex e-con e-child\" data-id=\"bc499cc\" data-element_type=\"container\">\n\t\t\t\t<div class=\"elementor-element elementor-element-744847b elementor-widget__width-inherit elementor-widget elementor-widget-text-editor\" data-id=\"744847b\" data-element_type=\"widget\" data-widget_type=\"text-editor.default\">\n\t\t\t\t<div class=\"elementor-widget-container\">\n\t\t\t\t\t\t\tDroit d'auteur \u00a9 Tous droits r\u00e9serv\u00e9s. <p>2026<\/p>\n\t\t\t\t\t\t<\/div>\n\t\t\t\t<\/div>\n\t\t\t\t<\/div>\n\t\t\t\t\t<\/div>\n\t\t\t\t<\/div>\n\t\t\t\t<\/div>","protected":false},"excerpt":{"rendered":"<p>2018 &#8211; Air Adelphi Engineering became the maintenance arm for the company operating from its [&hellip;]<\/p>","protected":false},"author":1,"featured_media":0,"parent":0,"menu_order":0,"comment_status":"closed","ping_status":"closed","template":"elementor_header_footer","meta":{"footnotes":""},"class_list":["post-692","page","type-page","status-publish","hentry"],"_links":{"self":[{"href":"https:\/\/airadelphi.com\/fr\/wp-json\/wp\/v2\/pages\/692","targetHints":{"allow":["GET"]}}],"collection":[{"href":"https:\/\/airadelphi.com\/fr\/wp-json\/wp\/v2\/pages"}],"about":[{"href":"https:\/\/airadelphi.com\/fr\/wp-json\/wp\/v2\/types\/page"}],"author":[{"embeddable":true,"href":"https:\/\/airadelphi.com\/fr\/wp-json\/wp\/v2\/users\/1"}],"replies":[{"embeddable":true,"href":"https:\/\/airadelphi.com\/fr\/wp-json\/wp\/v2\/comments?post=692"}],"version-history":[{"count":562,"href":"https:\/\/airadelphi.com\/fr\/wp-json\/wp\/v2\/pages\/692\/revisions"}],"predecessor-version":[{"id":2581,"href":"https:\/\/airadelphi.com\/fr\/wp-json\/wp\/v2\/pages\/692\/revisions\/2581"}],"wp:attachment":[{"href":"https:\/\/airadelphi.com\/fr\/wp-json\/wp\/v2\/media?parent=692"}],"curies":[{"name":"wp","href":"https:\/\/api.w.org\/{rel}","templated":true}]}}